{"id":3950,"date":"2016-06-11T14:25:44","date_gmt":"2016-06-11T14:25:44","guid":{"rendered":"http:\/\/www.koukola2.cz.uvirt64.active24.cz\/homepage-main\/"},"modified":"2025-11-15T06:54:55","modified_gmt":"2025-11-15T06:54:55","slug":"homepage-main","status":"publish","type":"page","link":"https:\/\/www.mudrsitinova.cz\/de\/","title":{"rendered":"HOME"},"content":{"rendered":"<section class=\"wpb-content-wrapper\"><p>[vc_row][vc_column offset=&#8220;vc_hidden-xs&#8220;][vc_empty_space height=&#8220;12px&#8220;][\/vc_column][\/vc_row][vc_row][vc_column][vc_column_text]\n\t\t\t<!-- START Blog Slider 1 REVOLUTION SLIDER 6.6.3 --><p class=\"rs-p-wp-fix\"><\/p>\n\t\t\t<rs-module-wrap id=\"rev_slider_5_1_wrapper\" data-source=\"gallery\" style=\"visibility:hidden;background:transparent;padding:0;margin:0px auto;margin-top:0;margin-bottom:0;\">\n\t\t\t\t<rs-module id=\"rev_slider_5_1\" style=\"\" data-version=\"6.6.3\">\n\t\t\t\t\t<rs-slides style=\"overflow: hidden; position: absolute;\">\n\t\t\t\t\t\t<rs-slide style=\"position: absolute;\" data-key=\"rs-19\" data-title=\"Slide\" data-thumb=\"\/\/www.alfa-test.cz\/wp-content\/uploads\/2022\/05\/slider_n2.jpg\" data-duration=\"8010\" data-anim=\"ms:800;\" data-in=\"o:0;\" data-out=\"a:false;\" data-mediafilter=\"mayfair\">\n\t\t\t\t\t\t\t<img decoding=\"async\" src=\"\/\/www.mudrsitinova.cz\/wp-content\/plugins\/revslider\/public\/assets\/assets\/dummy.png\" alt=\"\" title=\"slider_n2\" width=\"1640\" height=\"796\" class=\"rev-slidebg tp-rs-img rs-lazyload\" data-lazyload=\"\/\/www.alfa-test.cz\/wp-content\/uploads\/2022\/05\/slider_n2.jpg\" data-panzoom=\"d:20000;e:power1.out;ss:110;se:100;os:-400\/0;\" data-no-retina>\n<!--\n\t\t\t\t\t\t\t--><rs-layer\n\t\t\t\t\t\t\t\tid=\"slider-5-slide-19-layer-2\" \n\t\t\t\t\t\t\t\tclass=\"letter-spacing-title\"\n\t\t\t\t\t\t\t\tdata-type=\"text\"\n\t\t\t\t\t\t\t\tdata-color=\"rgba(255,255,255,1)\"\n\t\t\t\t\t\t\t\tdata-rsp_ch=\"on\"\n\t\t\t\t\t\t\t\tdata-xy=\"x:l,l,l,c;xo:491px,107px,86px,-16px;yo:245px,222px,245px,148px;\"\n\t\t\t\t\t\t\t\tdata-text=\"w:nowrap,nowrap,nowrap,normal;s:80,80,70,60;l:80,80,90,72;fw:700;a:center;\"\n\t\t\t\t\t\t\t\tdata-dim=\"w:1003,1003,auto,393px;\"\n\t\t\t\t\t\t\t\tdata-frame_0=\"sX:0.8;sY:0.8;\"\n\t\t\t\t\t\t\t\tdata-frame_1=\"e:power4.out;st:500;sp:1500;\"\n\t\t\t\t\t\t\t\tdata-frame_999=\"o:0;e:nothing;st:w;\"\n\t\t\t\t\t\t\t\tstyle=\"z-index:5;font-family:'Montserrat';text-transform:uppercase;\"\n\t\t\t\t\t\t\t>CNC OBR\u00c1B\u011aN\u00cd \n\t\t\t\t\t\t\t<\/rs-layer><!--\n\n\t\t\t\t\t\t\t--><a\n\t\t\t\t\t\t\t\tid=\"slider-5-slide-19-layer-4\" \n\t\t\t\t\t\t\t\tclass=\"rs-layer letter-spacing-button rev-btn rev-hiddenicon\"\n\t\t\t\t\t\t\t\thref=\"\/cnc-obrabeni\/\" target=\"_self\"\n\t\t\t\t\t\t\t\tdata-type=\"button\"\n\t\t\t\t\t\t\t\tdata-color=\"rgba(255,255,255,1)\"\n\t\t\t\t\t\t\t\tdata-xy=\"x:l,l,l,c;xo:921px,107px,330px,-13px;yo:362px,407px,385px,327px;\"\n\t\t\t\t\t\t\t\tdata-text=\"s:15;l:15;ls:1px;fw:800,700,700,900;a:center;\"\n\t\t\t\t\t\t\t\tdata-rsp_bd=\"off\"\n\t\t\t\t\t\t\t\tdata-padding=\"t:16;r:25;b:16;l:35;\"\n\t\t\t\t\t\t\t\tdata-border=\"bos:solid;boc:rgba(255,255,255,1);bow:1,1,1,1;bor:30px,30px,30px,30px;\"\n\t\t\t\t\t\t\t\tdata-frame_0=\"sX:0.8;sY:0.8;\"\n\t\t\t\t\t\t\t\tdata-frame_1=\"e:power4.out;st:1500;sp:1500;\"\n\t\t\t\t\t\t\t\tdata-frame_999=\"o:0;e:nothing;st:w;\"\n\t\t\t\t\t\t\t\tdata-frame_hover=\"c:#000;bgc:#fff;boc:transparent;bor:30px,30px,30px,30px;bos:solid;bow:0,0,0,0;oX:50;oY:50;sp:0;e:none;\"\n\t\t\t\t\t\t\t\tstyle=\"z-index:7;font-family:'Montserrat';cursor:pointer;outline:none;box-shadow:none;box-sizing:border-box;-moz-box-sizing:border-box;-webkit-box-sizing:border-box;text-transform:uppercase;\"\n\t\t\t\t\t\t\t>DETAIL <i class=\"fa-angle-right\"><\/i> \n\t\t\t\t\t\t\t<\/a><!--\n-->\t\t\t\t\t\t<\/rs-slide>\n\t\t\t\t\t\t<rs-slide style=\"position: absolute;\" data-key=\"rs-20\" data-title=\"Slide\" data-thumb=\"\/\/www.alfa-test.cz\/wp-content\/uploads\/2018\/01\/cnc07.jpg\" data-duration=\"8010\" data-anim=\"ms:800;\" data-in=\"o:0;\" data-out=\"a:false;\" data-mediafilter=\"mayfair\">\n\t\t\t\t\t\t\t<img decoding=\"async\" src=\"\/\/www.mudrsitinova.cz\/wp-content\/plugins\/revslider\/public\/assets\/assets\/dummy.png\" alt=\"\" title=\"Metalworking CNC milling machine.\" width=\"3000\" height=\"2000\" class=\"rev-slidebg tp-rs-img rs-lazyload\" data-lazyload=\"\/\/www.alfa-test.cz\/wp-content\/uploads\/2018\/01\/cnc07.jpg\" data-panzoom=\"d:20000;e:power1.out;ss:110;se:100;os:-400\/0;\" data-no-retina>\n<!--\n\t\t\t\t\t\t\t--><rs-layer\n\t\t\t\t\t\t\t\tid=\"slider-5-slide-20-layer-2\" \n\t\t\t\t\t\t\t\tclass=\"letter-spacing-title\"\n\t\t\t\t\t\t\t\tdata-type=\"text\"\n\t\t\t\t\t\t\t\tdata-color=\"rgba(255,255,255,1)\"\n\t\t\t\t\t\t\t\tdata-rsp_ch=\"on\"\n\t\t\t\t\t\t\t\tdata-xy=\"x:l,l,l,c;xo:486px,32px,112px,2px;yo:185px,152px,198px,121px;\"\n\t\t\t\t\t\t\t\tdata-text=\"w:normal,normal,nowrap,nowrap;s:78,78,70,50;l:78,78,90,60;fw:700;a:center;\"\n\t\t\t\t\t\t\t\tdata-dim=\"w:935px,935px,auto,331px;\"\n\t\t\t\t\t\t\t\tdata-frame_0=\"sX:0.8;sY:0.8;\"\n\t\t\t\t\t\t\t\tdata-frame_1=\"e:power4.out;st:500;sp:1500;\"\n\t\t\t\t\t\t\t\tdata-frame_999=\"o:0;e:nothing;st:w;\"\n\t\t\t\t\t\t\t\tstyle=\"z-index:5;font-family:'Montserrat';text-transform:uppercase;\"\n\t\t\t\t\t\t\t>VYSOK\u00c1 <br \/>\nKVALITA <br \/>ZPRACOV\u00c1N\u00cd \n\t\t\t\t\t\t\t<\/rs-layer><!--\n\n\t\t\t\t\t\t\t--><a\n\t\t\t\t\t\t\t\tid=\"slider-5-slide-20-layer-4\" \n\t\t\t\t\t\t\t\tclass=\"rs-layer letter-spacing-button rev-btn rev-hiddenicon\"\n\t\t\t\t\t\t\t\thref=\"\/cnc-obrabeni\/\" target=\"_self\"\n\t\t\t\t\t\t\t\tdata-type=\"button\"\n\t\t\t\t\t\t\t\tdata-color=\"rgba(255,255,255,1)\"\n\t\t\t\t\t\t\t\tdata-xy=\"x:l,l,l,c;xo:894px,418px,266px,5px;yo:430px,430px,518px,329px;\"\n\t\t\t\t\t\t\t\tdata-text=\"s:15;l:15;ls:1px;fw:800,700,700,900;\"\n\t\t\t\t\t\t\t\tdata-rsp_bd=\"off\"\n\t\t\t\t\t\t\t\tdata-padding=\"t:16;r:25;b:16;l:35;\"\n\t\t\t\t\t\t\t\tdata-border=\"bos:solid;boc:rgba(255,255,255,1);bow:1,1,1,1;bor:30px,30px,30px,30px;\"\n\t\t\t\t\t\t\t\tdata-frame_0=\"sX:0.8;sY:0.8;\"\n\t\t\t\t\t\t\t\tdata-frame_1=\"e:power4.out;st:1500;sp:1500;\"\n\t\t\t\t\t\t\t\tdata-frame_999=\"o:0;e:nothing;st:w;\"\n\t\t\t\t\t\t\t\tdata-frame_hover=\"c:#000;bgc:#fff;boc:transparent;bor:30px,30px,30px,30px;bos:solid;bow:0,0,0,0;oX:50;oY:50;sp:0;e:none;\"\n\t\t\t\t\t\t\t\tstyle=\"z-index:7;font-family:'Montserrat';cursor:pointer;outline:none;box-shadow:none;box-sizing:border-box;-moz-box-sizing:border-box;-webkit-box-sizing:border-box;text-transform:uppercase;\"\n\t\t\t\t\t\t\t>DETAIL <i class=\"fa-angle-right\"><\/i> \n\t\t\t\t\t\t\t<\/a><!--\n-->\t\t\t\t\t\t<\/rs-slide>\n\t\t\t\t\t\t<rs-slide style=\"position: absolute;\" data-key=\"rs-21\" data-title=\"Slide\" data-thumb=\"\/\/www.alfa-test.cz\/wp-content\/uploads\/2022\/11\/slider_kal-1.jpg\" data-duration=\"8010\" data-anim=\"ms:800;\" data-in=\"o:0;\" data-out=\"a:false;\" data-mediafilter=\"mayfair\">\n\t\t\t\t\t\t\t<img decoding=\"async\" src=\"\/\/www.mudrsitinova.cz\/wp-content\/plugins\/revslider\/public\/assets\/assets\/dummy.png\" alt=\"\" title=\"slider_kal\" width=\"1722\" height=\"404\" class=\"rev-slidebg tp-rs-img rs-lazyload\" data-lazyload=\"\/\/www.alfa-test.cz\/wp-content\/uploads\/2022\/11\/slider_kal-1.jpg\" data-panzoom=\"d:20000;e:power1.out;ss:110;se:100;os:-400\/0;\" data-no-retina>\n<!--\n\t\t\t\t\t\t\t--><rs-layer\n\t\t\t\t\t\t\t\tid=\"slider-5-slide-21-layer-2\" \n\t\t\t\t\t\t\t\tclass=\"letter-spacing-title\"\n\t\t\t\t\t\t\t\tdata-type=\"text\"\n\t\t\t\t\t\t\t\tdata-color=\"rgba(255,255,255,1)\"\n\t\t\t\t\t\t\t\tdata-rsp_ch=\"on\"\n\t\t\t\t\t\t\t\tdata-xy=\"x:l,l,l,c;xo:469px,45px,187px,4px;yo:162px,192px,203px,183px;\"\n\t\t\t\t\t\t\t\tdata-text=\"w:normal,normal,nowrap,nowrap;s:78,78,70,41;l:78,78,90,49;fw:700;a:center,center,center,left;\"\n\t\t\t\t\t\t\t\tdata-dim=\"w:935px,935px,auto,271px;h:174px,174px,auto,auto;\"\n\t\t\t\t\t\t\t\tdata-frame_0=\"sX:0.8;sY:0.8;\"\n\t\t\t\t\t\t\t\tdata-frame_1=\"e:power4.out;st:500;sp:1500;\"\n\t\t\t\t\t\t\t\tdata-frame_999=\"o:0;e:nothing;st:w;\"\n\t\t\t\t\t\t\t\tstyle=\"z-index:5;font-family:'Montserrat';text-transform:uppercase;\"\n\t\t\t\t\t\t\t>KALIBRA\u010cN\u00cd <br \/>LABORATO\u0158 \n\t\t\t\t\t\t\t<\/rs-layer><!--\n\n\t\t\t\t\t\t\t--><a\n\t\t\t\t\t\t\t\tid=\"slider-5-slide-21-layer-4\" \n\t\t\t\t\t\t\t\tclass=\"rs-layer letter-spacing-button rev-btn rev-hiddenicon\"\n\t\t\t\t\t\t\t\thref=\"\/kalibrace\" target=\"_self\"\n\t\t\t\t\t\t\t\tdata-type=\"button\"\n\t\t\t\t\t\t\t\tdata-color=\"rgba(255,255,255,1)\"\n\t\t\t\t\t\t\t\tdata-xy=\"x:l,l,l,c;xo:883px,411px,354px,-1px;yo:366px,381px,411px,310px;\"\n\t\t\t\t\t\t\t\tdata-text=\"s:15;l:15;ls:1px;fw:800,700,700,900;\"\n\t\t\t\t\t\t\t\tdata-rsp_bd=\"off\"\n\t\t\t\t\t\t\t\tdata-padding=\"t:16;r:25;b:16;l:35;\"\n\t\t\t\t\t\t\t\tdata-border=\"bos:solid;boc:rgba(255,255,255,1);bow:1,1,1,1;bor:30px,30px,30px,30px;\"\n\t\t\t\t\t\t\t\tdata-frame_0=\"sX:0.8;sY:0.8;\"\n\t\t\t\t\t\t\t\tdata-frame_1=\"e:power4.out;st:1500;sp:1500;\"\n\t\t\t\t\t\t\t\tdata-frame_999=\"o:0;e:nothing;st:w;\"\n\t\t\t\t\t\t\t\tdata-frame_hover=\"c:#000;bgc:#fff;boc:transparent;bor:30px,30px,30px,30px;bos:solid;bow:0,0,0,0;oX:50;oY:50;sp:0;e:none;\"\n\t\t\t\t\t\t\t\tstyle=\"z-index:7;font-family:'Montserrat';cursor:pointer;outline:none;box-shadow:none;box-sizing:border-box;-moz-box-sizing:border-box;-webkit-box-sizing:border-box;text-transform:uppercase;\"\n\t\t\t\t\t\t\t>DETAIL <i class=\"fa-angle-right\"><\/i> \n\t\t\t\t\t\t\t<\/a><!--\n-->\t\t\t\t\t\t<\/rs-slide>\n\t\t\t\t\t\t<rs-slide style=\"position: absolute;\" data-key=\"rs-22\" data-title=\"Slide\" data-thumb=\"\/\/www.alfa-test.cz\/wp-content\/uploads\/2022\/05\/slider_n3.jpg\" data-duration=\"8010\" data-anim=\"ms:800;\" data-in=\"o:0;\" data-out=\"a:false;\" data-mediafilter=\"mayfair\">\n\t\t\t\t\t\t\t<img decoding=\"async\" src=\"\/\/www.mudrsitinova.cz\/wp-content\/plugins\/revslider\/public\/assets\/assets\/dummy.png\" alt=\"\" title=\"slider_n3\" width=\"1600\" height=\"900\" class=\"rev-slidebg tp-rs-img rs-lazyload\" data-lazyload=\"\/\/www.alfa-test.cz\/wp-content\/uploads\/2022\/05\/slider_n3.jpg\" data-panzoom=\"d:20000;e:power1.out;ss:110;se:100;os:-400\/0;\" data-no-retina>\n<!--\n\t\t\t\t\t\t\t--><rs-layer\n\t\t\t\t\t\t\t\tid=\"slider-5-slide-22-layer-2\" \n\t\t\t\t\t\t\t\tclass=\"letter-spacing-title\"\n\t\t\t\t\t\t\t\tdata-type=\"text\"\n\t\t\t\t\t\t\t\tdata-color=\"rgba(255,255,255,1)\"\n\t\t\t\t\t\t\t\tdata-rsp_ch=\"on\"\n\t\t\t\t\t\t\t\tdata-xy=\"x:l,l,l,c;xo:510px,107px,107px,-1px;yo:225px,222px,242px,219px;\"\n\t\t\t\t\t\t\t\tdata-text=\"w:normal,normal,nowrap,nowrap;s:78,78,70,57;l:78,78,90,68;fw:700;a:center,center,center,left;\"\n\t\t\t\t\t\t\t\tdata-dim=\"w:935px,935px,auto,413px;\"\n\t\t\t\t\t\t\t\tdata-frame_0=\"sX:0.8;sY:0.8;\"\n\t\t\t\t\t\t\t\tdata-frame_1=\"e:power4.out;st:500;sp:1500;\"\n\t\t\t\t\t\t\t\tdata-frame_999=\"o:0;e:nothing;st:w;\"\n\t\t\t\t\t\t\t\tstyle=\"z-index:5;font-family:'Montserrat';text-transform:uppercase;\"\n\t\t\t\t\t\t\t>AUTOMOTIVE \n\t\t\t\t\t\t\t<\/rs-layer><!--\n\n\t\t\t\t\t\t\t--><a\n\t\t\t\t\t\t\t\tid=\"slider-5-slide-22-layer-4\" \n\t\t\t\t\t\t\t\tclass=\"rs-layer letter-spacing-button rev-btn rev-hiddenicon\"\n\t\t\t\t\t\t\t\thref=\"\/cnc-obrabeni\/\" target=\"_self\"\n\t\t\t\t\t\t\t\tdata-type=\"button\"\n\t\t\t\t\t\t\t\tdata-color=\"rgba(255,255,255,1)\"\n\t\t\t\t\t\t\t\tdata-xy=\"x:l,l,l,c;xo:922px,107px,107px,10px;yo:339px,407px,407px,320px;\"\n\t\t\t\t\t\t\t\tdata-text=\"s:15;l:15;ls:1px;fw:800,700,700,900;a:center;\"\n\t\t\t\t\t\t\t\tdata-rsp_bd=\"off\"\n\t\t\t\t\t\t\t\tdata-padding=\"t:16;r:25;b:16;l:35;\"\n\t\t\t\t\t\t\t\tdata-border=\"bos:solid;boc:rgba(255,255,255,1);bow:1,1,1,1;bor:30px,30px,30px,30px;\"\n\t\t\t\t\t\t\t\tdata-frame_0=\"sX:0.8;sY:0.8;\"\n\t\t\t\t\t\t\t\tdata-frame_1=\"e:power4.out;st:1500;sp:1500;\"\n\t\t\t\t\t\t\t\tdata-frame_999=\"o:0;e:nothing;st:w;\"\n\t\t\t\t\t\t\t\tdata-frame_hover=\"c:#000;bgc:#fff;boc:transparent;bor:30px,30px,30px,30px;bos:solid;bow:0,0,0,0;oX:50;oY:50;sp:0;e:none;\"\n\t\t\t\t\t\t\t\tstyle=\"z-index:7;font-family:'Montserrat';cursor:pointer;outline:none;box-shadow:none;box-sizing:border-box;-moz-box-sizing:border-box;-webkit-box-sizing:border-box;text-transform:uppercase;\"\n\t\t\t\t\t\t\t>DETAIL <i class=\"fa-angle-right\"><\/i> \n\t\t\t\t\t\t\t<\/a><!--\n-->\t\t\t\t\t\t<\/rs-slide>\n\t\t\t\t\t<\/rs-slides>\n\t\t\t\t<\/rs-module>\n\t\t\t\t<script>\n\t\t\t\t\tsetREVStartSize({c: 'rev_slider_5_1',rl:[1240,1024,778,480],el:[600,600,960,600],gw:[1940,1024,778,480],gh:[600,600,960,600],type:'standard',justify:'',layout:'fullwidth',mh:\"0\"});if (window.RS_MODULES!==undefined && window.RS_MODULES.modules!==undefined && window.RS_MODULES.modules[\"revslider51\"]!==undefined) {window.RS_MODULES.modules[\"revslider51\"].once = false;window.revapi5 = undefined;if (window.RS_MODULES.checkMinimal!==undefined) window.RS_MODULES.checkMinimal()}\n\t\t\t\t<\/script>\n\t\t\t<\/rs-module-wrap>\n\t\t\t<!-- END REVOLUTION SLIDER -->\n[\/vc_column_text][\/vc_column][\/vc_row][vc_row full_width=&#8220;stretch_row&#8220; gap=&#8220;1&#8243; equal_height=&#8220;yes&#8220;][vc_column width=&#8220;1\/3&#8243;][vc_hoverbox image=&#8220;5626&#8243; primary_title=&#8220;CNC BEARBEITUNG&#8220; primary_title_font_container=&#8220;font_size:36|color:%23ffffff&#8220; primary_title_use_theme_fonts=&#8220;yes&#8220; hover_title=&#8220;&gt; 70 Maschinen<br \/>\n180 Mitarbeiter&#8220; hover_title_font_container=&#8220;font_size:34px|color:%23ffffff|line_height:42px&#8220; hover_title_use_theme_fonts=&#8220;yes&#8220; shape=&#8220;square&#8220; hover_background_color=&#8220;custom&#8220; use_custom_fonts_primary_title=&#8220;true&#8220; use_custom_fonts_hover_title=&#8220;true&#8220; hover_title_link=&#8220;url:%2Fde%2Fcnc-bearbeitung%2F|||&#8220; hover_custom_background=&#8220;rgba(30,115,190,0.72)&#8220; css=&#8220;.vc_custom_1672819136066{background-image: url(http:\/\/www.alfa-test.cz\/wp-content\/uploads\/2018\/05\/Saacke-UWIF.jpg?id=4913) !important;background-position: center !important;background-repeat: no-repeat !important;background-size: contain !important;}&#8220;][\/vc_hoverbox][\/vc_column][vc_column width=&#8220;1\/3&#8243;][vc_hoverbox image=&#8220;5633&#8243; primary_title=&#8220;ENTWICKLUNG&#8220; primary_title_font_container=&#8220;font_size:36|color:%23ffffff&#8220; primary_title_use_theme_fonts=&#8220;yes&#8220; hover_title=&#8220;Produktionstechnologien, Automatisierung, Robotik&#8220; hover_title_font_container=&#8220;font_size:26|color:%23ffffff&#8220; hover_title_use_theme_fonts=&#8220;yes&#8220; shape=&#8220;square&#8220; hover_background_color=&#8220;custom&#8220; use_custom_fonts_primary_title=&#8220;true&#8220; use_custom_fonts_hover_title=&#8220;true&#8220; hover_title_link=&#8220;url:%2Fde%2Fentwicklung%2F|||&#8220; hover_custom_background=&#8220;rgba(30,115,190,0.72)&#8220; css=&#8220;.vc_custom_1653305093056{background-image: url(http:\/\/www.alfa-test.cz\/wp-content\/uploads\/2018\/06\/RAMENA-RWD-1.jpg?id=5398) !important;background-position: center !important;background-repeat: no-repeat !important;background-size: cover !important;}&#8220;][\/vc_hoverbox][\/vc_column][vc_column width=&#8220;1\/3&#8243;][vc_hoverbox image=&#8220;5082&#8243; primary_title=&#8220;HERSTELLUNG VON WERKZEUGEN&#8220; primary_title_font_container=&#8220;font_size:36|color:%23ffffff&#8220; primary_title_use_theme_fonts=&#8220;yes&#8220; hover_title=&#8220;Herstellung von speziellen Hartmetallwerkzeugen&#8220; hover_title_font_container=&#8220;font_size:30|color:%23ffffff&#8220; hover_title_use_theme_fonts=&#8220;yes&#8220; shape=&#8220;square&#8220; hover_background_color=&#8220;custom&#8220; use_custom_fonts_primary_title=&#8220;true&#8220; use_custom_fonts_hover_title=&#8220;true&#8220; hover_title_link=&#8220;url:%2Fde%2Fvyroba-nastroju%2F|||&#8220; hover_custom_background=&#8220;rgba(30,115,190,0.72)&#8220; css=&#8220;.vc_custom_1653305101533{background-image: url(http:\/\/www.alfa-test.cz\/wp-content\/uploads\/2018\/05\/Saacke-UWIF.jpg?id=4913) !important;background-position: center !important;background-repeat: no-repeat !important;background-size: contain !important;}&#8220;][\/vc_hoverbox][\/vc_column][\/vc_row][vc_row][vc_column][vc_separator color=&#8220;white&#8220;][\/vc_column][\/vc_row][vc_row full_width=&#8220;stretch_row&#8220; bg_type=&#8220;bg_color&#8220; bg_color_value=&#8220;#d6d6d6&#8243; css=&#8220;.vc_custom_1536257916605{margin-top: 30px !important;}&#8220;][vc_column width=&#8220;1\/3&#8243;][vc_column_text]<div id=\"ultimate-heading-147769f3787e0a743\" class=\"uvc-heading ult-adjust-bottom-margin ultimate-heading-147769f3787e0a743 uvc-6249 \" data-hspacer=\"no_spacer\"  data-halign=\"center\" style=\"text-align:center\"><div class=\"uvc-heading-spacer no_spacer\" style=\"top\"><\/div><div class=\"uvc-sub-heading ult-responsive\"  data-ultimate-target='.uvc-heading.ultimate-heading-147769f3787e0a743 .uvc-sub-heading '  data-responsive-json-new='{\"font-size\":\"\",\"line-height\":\"\"}'  style=\"font-weight:normal;\"><strong>\u00a0<\/strong><\/p>\n<h3><strong>CNC BEARBEITUNG<\/strong><\/h3>\n<h3><strong>KOVO KOUKOLA<\/strong><\/h3>\n<p><\/div><\/div>[\/vc_column_text][\/vc_column][vc_column width=&#8220;2\/3&#8243;][vc_column_text css=&#8220;.vc_custom_1536259573203{padding-left: 30px !important;}&#8220;]Die Metallbearbeitung ist haupts\u00e4chliche Fertigungsschwerpunkt der Firma schon seit dem Jahr 1998, wo die jetzigen Inhaber, die Br\u00fcder Ale\u0161 und Petr Koukol, in Sklen\u00e9 nad Oslavou die Firma Kovoobr\u00e1b\u011bn\u00ed gegr\u00fcndet haben. Die T\u00e4tigkeit der Firma war ganz am Anfang auf die Spanbearbeitung mit traditionellen Technologien, als das Drehen, Fr\u00e4sen und Schleifen. Der Gesch\u00e4ftserfolg der Firma erm\u00f6glichte bald in modernen <a href=\"\/de\/cnc-bearbeitung\/\"><em><span style=\"color: #006bd0;\">CNC-Bearbeitungstechnologien<\/span><\/em><\/a> zu investieren und somit die Wachstumsrate der Firma noch zu beschleunigen.<\/p>\n<p>Im Jahr 2004 kam es zur \u00c4nderung der Rechtsform des Subjekts auf eine Gesellschaft mit beschr\u00e4nkter Haftung und die Firma tr\u00e4gt heute den Namen KOVO Koukola, s. r. o.[\/vc_column_text][\/vc_column][\/vc_row][vc_row][vc_column][vc_column_text]<! ========= Cool Timeline Free 2.4.5 =========><div class=\"cool_timeline cool-timeline-wrapper compact-wrapper white-timeline-wrapper default-skin-tm\"><H2 class=\"timeline-main-title center-block\"> <\/H2><div class=\"cool-timeline white-timeline ultimate-style compact-wrapper compact compact\"><div data-animations=\"none\"  id=\"ctl-free-one\" class=\"cooltimeline_cont  clearfix icons_no\"><div class=\"center-line\"><\/div><!-- .timeline-post-start--><div  class=\"timeline-post even light-grey-post icons_no timeline-mansory default-skin\"  id=\"story-7085\"><div  data-aos=\"none\" class=\"timeline-icon icon-dot-full\"><div class=\"timeline-bar\"><\/div><\/div><div  data-aos=\"none\" class=\"timeline-content clearfix\"><h2 class=\"content-title\">2023<\/h2><div class=\"ctl_info event-description full\"><div class=\"content-details\"><h3 class=\"content-title-cmt\">Erweiterung der Halle von Koukola Automotive um 500 m\u00b2<\/h3><section class=\"wpb-content-wrapper\"><p>[vc_row][vc_column][vc_single_image image=&#8220;7081&#8243; img_size=&#8220;medium&#8220;][\/vc_column][\/vc_row]<\/p>\n<\/section><\/div><\/div><\/div><!-- timeline content --><\/div><!-- .timeline-post-end --><!-- .timeline-post-start--><div  class=\"timeline-post odd light-grey-post icons_no timeline-mansory default-skin\"  id=\"story-7084\"><div  data-aos=\"none\" class=\"timeline-icon icon-dot-full\"><div class=\"timeline-bar\"><\/div><\/div><div  data-aos=\"none\" class=\"timeline-content clearfix\"><h2 class=\"content-title\">2022<\/h2><div class=\"ctl_info event-description full\"><div class=\"content-details\"><h3 class=\"content-title-cmt\">Bau eines Werkzeug- und Formenbaus<\/h3><section class=\"wpb-content-wrapper\"><p>[vc_row][vc_column width=&#8220;1\/2&#8243;][vc_single_image image=&#8220;7078&#8243; img_size=&#8220;medium&#8220;][\/vc_column][vc_column width=&#8220;1\/2&#8243;][vc_single_image image=&#8220;7079&#8243; img_size=&#8220;medium&#8220;][\/vc_column][\/vc_row]<\/p>\n<\/section><\/div><\/div><\/div><!-- timeline content --><\/div><!-- .timeline-post-end --><!-- .timeline-post-start--><div  class=\"timeline-post even light-grey-post icons_no timeline-mansory default-skin\"  id=\"story-6541\"><div  data-aos=\"none\" class=\"timeline-icon icon-dot-full\"><div class=\"timeline-bar\"><\/div><\/div><div  data-aos=\"none\" class=\"timeline-content clearfix\"><h2 class=\"content-title\">2021<\/h2><div class=\"ctl_info event-description full\"><div class=\"content-details\"><h3 class=\"content-title-cmt\">Er\u00f6ffnung einer neuen Halle Koukola Automotive<\/h3><section class=\"wpb-content-wrapper\"><p>[vc_row][vc_column][vc_single_image image=&#8220;6538&#8243; img_size=&#8220;full&#8220;][\/vc_column][\/vc_row]<\/p>\n<\/section><\/div><\/div><\/div><!-- timeline content --><\/div><!-- .timeline-post-end --><!-- .timeline-post-start--><div  class=\"timeline-post odd light-grey-post icons_no timeline-mansory default-skin\"  id=\"story-6550\"><div  data-aos=\"none\" class=\"timeline-icon icon-dot-full\"><div class=\"timeline-bar\"><\/div><\/div><div  data-aos=\"none\" class=\"timeline-content clearfix\"><h2 class=\"content-title\">2021<\/h2><div class=\"ctl_info event-description full\"><div class=\"content-details\"><h3 class=\"content-title-cmt\">SAP Bussines ONE<\/h3><section class=\"wpb-content-wrapper\"><p>[vc_row][vc_column][vc_single_image image=&#8220;6548&#8243; img_size=&#8220;medium&#8220;][\/vc_column][\/vc_row]<\/p>\n<\/section><\/div><\/div><\/div><!-- timeline content --><\/div><!-- .timeline-post-end --><!-- .timeline-post-start--><div  class=\"timeline-post even light-grey-post icons_no timeline-mansory default-skin\"  id=\"story-6402\"><div  data-aos=\"none\" class=\"timeline-icon icon-dot-full\"><div class=\"timeline-bar\"><\/div><\/div><div  data-aos=\"none\" class=\"timeline-content clearfix\"><h2 class=\"content-title\">2018<\/h2><div class=\"ctl_info event-description full\"><div class=\"content-details\"><h3 class=\"content-title-cmt\">V\u00fdstavba dvoupatrov\u00e9 administrativn\u00ed budovy 264m\u00b2<\/h3><section class=\"wpb-content-wrapper\"><p>[vc_row][vc_column][vc_single_image image=&#8220;5177&#8243; img_size=&#8220;medium&#8220;][\/vc_column][\/vc_row]<\/p>\n<\/section><\/div><\/div><\/div><!-- timeline content --><\/div><!-- .timeline-post-end --><!-- .timeline-post-start--><div  class=\"timeline-post odd light-grey-post icons_no timeline-mansory default-skin\"  id=\"story-6403\"><div  data-aos=\"none\" class=\"timeline-icon icon-dot-full\"><div class=\"timeline-bar\"><\/div><\/div><div  data-aos=\"none\" class=\"timeline-content clearfix\"><h2 class=\"content-title\">2017<\/h2><div class=\"ctl_info event-description full\"><div class=\"content-details\"><h3 class=\"content-title-cmt\">Implementace nov\u00e9ho WMS (Warehouse managements system)<\/h3><section class=\"wpb-content-wrapper\"><p>[vc_row][vc_column width=&#8220;1\/2&#8243;][vc_single_image image=&#8220;5172&#8243; img_size=&#8220;medium&#8220;][\/vc_column][vc_column width=&#8220;1\/2&#8243;][vc_single_image image=&#8220;5173&#8243; img_size=&#8220;medium&#8220;][\/vc_column][\/vc_row]<\/p>\n<\/section><\/div><\/div><\/div><!-- timeline content --><\/div><!-- .timeline-post-end --><\/div><div class=\"clearfix\"><\/div><\/div><nav class='custom-pagination'><span class='page-numbers page-num'>  Page 1 of 5<\/span> <span aria-current=\"page\" class=\"page-numbers current\">1<\/span>\n<a class=\"page-numbers\" href=\"https:\/\/www.mudrsitinova.cz\/de\/wp-json\/wp\/v2\/pages\/3950\/page\/2\/\">2<\/a>\n<a class=\"page-numbers\" href=\"https:\/\/www.mudrsitinova.cz\/de\/wp-json\/wp\/v2\/pages\/3950\/page\/3\/\">3<\/a>\n<span class=\"page-numbers dots\">&hellip;<\/span>\n<a class=\"page-numbers\" href=\"https:\/\/www.mudrsitinova.cz\/de\/wp-json\/wp\/v2\/pages\/3950\/page\/5\/\">5<\/a>\n<a class=\"next page-numbers\" href=\"https:\/\/www.mudrsitinova.cz\/de\/wp-json\/wp\/v2\/pages\/3950\/page\/2\/\">&raquo;<\/a><\/nav> <\/div><!-- end\r\n\t\t\t================================================== -->[\/vc_column_text][\/vc_column][\/vc_row]<\/p>\n<\/section>","protected":false},"excerpt":{"rendered":"<p>[vc_row][vc_column offset=&#8220;vc_hidden-xs&#8220;][vc_empty_space height=&#8220;12px&#8220;][\/vc_column][\/vc_row][vc_row][vc_column][vc_column_text][\/vc_column_text][\/vc_column][\/vc_row][vc_row full_width=&#8220;stretch_row&#8220; gap=&#8220;1&#8243; equal_height=&#8220;yes&#8220;][vc_column width=&#8220;1\/3&#8243;][vc_hoverbox image=&#8220;5626&#8243; primary_title=&#8220;CNC BEARBEITUNG&#8220; primary_title_font_container=&#8220;font_size:36|color:%23ffffff&#8220; primary_title_use_theme_fonts=&#8220;yes&#8220; hover_title=&#8220;&gt; 70 Maschinen 180 Mitarbeiter&#8220; hover_title_font_container=&#8220;font_size:34px|color:%23ffffff|line_height:42px&#8220; hover_title_use_theme_fonts=&#8220;yes&#8220; shape=&#8220;square&#8220; hover_background_color=&#8220;custom&#8220; use_custom_fonts_primary_title=&#8220;true&#8220; use_custom_fonts_hover_title=&#8220;true&#8220; hover_title_link=&#8220;url:%2Fde%2Fcnc-bearbeitung%2F|||&#8220; hover_custom_background=&#8220;rgba(30,115,190,0.72)&#8220; css=&#8220;.vc_custom_1672819136066{background-image: url(http:\/\/www.alfa-test.cz\/wp-content\/uploads\/2018\/05\/Saacke-UWIF.jpg?id=4913) !important;background-position: center !important;background-repeat: no-repeat !important;background-size: contain !important;}&#8220;][\/vc_hoverbox][\/vc_column][vc_column width=&#8220;1\/3&#8243;][vc_hoverbox image=&#8220;5633&#8243; primary_title=&#8220;ENTWICKLUNG&#8220; primary_title_font_container=&#8220;font_size:36|color:%23ffffff&#8220; primary_title_use_theme_fonts=&#8220;yes&#8220; hover_title=&#8220;Produktionstechnologien, Automatisierung, Robotik&#8220; hover_title_font_container=&#8220;font_size:26|color:%23ffffff&#8220; hover_title_use_theme_fonts=&#8220;yes&#8220; shape=&#8220;square&#8220; hover_background_color=&#8220;custom&#8220; use_custom_fonts_primary_title=&#8220;true&#8220; use_custom_fonts_hover_title=&#8220;true&#8220; hover_title_link=&#8220;url:%2Fde%2Fentwicklung%2F|||&#8220; hover_custom_background=&#8220;rgba(30,115,190,0.72)&#8220;&hellip;<\/p>\n","protected":false},"author":2,"featured_media":0,"parent":0,"menu_order":0,"comment_status":"closed","ping_status":"closed","template":"","meta":{"footnotes":""},"class_list":["post-3950","page","type-page","status-publish","hentry"],"_links":{"self":[{"href":"https:\/\/www.mudrsitinova.cz\/de\/wp-json\/wp\/v2\/pages\/3950","targetHints":{"allow":["GET"]}}],"collection":[{"href":"https:\/\/www.mudrsitinova.cz\/de\/wp-json\/wp\/v2\/pages"}],"about":[{"href":"https:\/\/www.mudrsitinova.cz\/de\/wp-json\/wp\/v2\/types\/page"}],"author":[{"embeddable":true,"href":"https:\/\/www.mudrsitinova.cz\/de\/wp-json\/wp\/v2\/users\/2"}],"replies":[{"embeddable":true,"href":"https:\/\/www.mudrsitinova.cz\/de\/wp-json\/wp\/v2\/comments?post=3950"}],"version-history":[{"count":6,"href":"https:\/\/www.mudrsitinova.cz\/de\/wp-json\/wp\/v2\/pages\/3950\/revisions"}],"predecessor-version":[{"id":7385,"href":"https:\/\/www.mudrsitinova.cz\/de\/wp-json\/wp\/v2\/pages\/3950\/revisions\/7385"}],"wp:attachment":[{"href":"https:\/\/www.mudrsitinova.cz\/de\/wp-json\/wp\/v2\/media?parent=3950"}],"curies":[{"name":"wp","href":"https:\/\/api.w.org\/{rel}","templated":true}]}}